{"id":845,"date":"2021-10-14T16:16:50","date_gmt":"2021-10-14T16:16:50","guid":{"rendered":"https:\/\/gs329.scout.es\/?page_id=845"},"modified":"2021-10-15T10:15:41","modified_gmt":"2021-10-15T10:15:41","slug":"clausula-informativa-rgpd","status":"publish","type":"page","link":"https:\/\/gs329.scout.es\/?page_id=845","title":{"rendered":"CLAUSULA INFORMATIVA RGPD"},"content":{"rendered":"\n<p class=\"has-text-align-center\"><\/p>\n\n\n\n<p><br>De acuerdo con lo establecido en el Reglamento General de Protecci\u00f3n de Datos 2016\/679 (RGPD) y la Ley Org\u00e1nica 3\/2018, de 5 de diciembre, de Protecci\u00f3n de Datos Personales y Garant\u00eda de los Derechos Digitales, le informamos que trataremos sus datos personales con la finalidad de gestionar administrativamente la asociaci\u00f3n y mantener la relaci\u00f3n con los asociados y padres de los asociados. Los datos proporcionados se conservar\u00e1n mientras se mantenga la relaci\u00f3n con la Asociaci\u00f3n o durante el tiempo necesario para cumplir con las obligaciones legales. Los datos no se ceder\u00e1n a terceros salvo en los casos en que exista una obligaci\u00f3n legal y los trataremos en base a su consentimiento o por obligaci\u00f3n<br>legal.<\/p>\n\n\n\n<p><br>Asimismo, le informamos de la posibilidad de ejercer los siguientes derechos sobre sus datos personales: derecho de acceso, rectificaci\u00f3n, supresi\u00f3n u olvido, limitaci\u00f3n, oposici\u00f3n, portabilidad y a retirar el consentimiento prestado.<\/p>\n\n\n\n<p><br>Para ello podr\u00e1 enviar un email a: padrecoll329@scoutsclm.org<\/p>\n\n\n\n<p><br>Adem\u00e1s, el interesado puede dirigirse a la Autoridad de Control en materia de Protecci\u00f3n de Datos competente para obtener informaci\u00f3n adicional o presentar una reclamaci\u00f3n. (www.agpd.es)<\/p>\n\n\n\n<p><br>Datos identificativos del responsable:<br>GRUPO SCOUT PADRE COLL 329 G02386019<br>C\/ FERN\u00c1NDEZ Y GONZ\u00c1LEZ, 2 02004 ALBACETE<\/p>\n","protected":false},"excerpt":{"rendered":"<p>De acuerdo con lo establecido en el Reglamento General de Protecci\u00f3n de Datos 2016\/679 (RGPD) y la Ley Org\u00e1nica 3\/2018, de 5 de diciembre, de Protecci\u00f3n de Datos Personales y Garant\u00eda de los Derechos Digitales, le informamos que trataremos sus datos personales con la finalidad de gestionar administrativamente la asociaci\u00f3n y mantener la relaci\u00f3n con [&hellip;]<\/p>\n","protected":false},"author":2,"featured_media":0,"parent":0,"menu_order":0,"comment_status":"closed","ping_status":"closed","template":"","meta":{"footnotes":""},"class_list":["post-845","page","type-page","status-publish","hentry"],"_links":{"self":[{"href":"https:\/\/gs329.scout.es\/index.php?rest_route=\/wp\/v2\/pages\/845","targetHints":{"allow":["GET"]}}],"collection":[{"href":"https:\/\/gs329.scout.es\/index.php?rest_route=\/wp\/v2\/pages"}],"about":[{"href":"https:\/\/gs329.scout.es\/index.php?rest_route=\/wp\/v2\/types\/page"}],"author":[{"embeddable":true,"href":"https:\/\/gs329.scout.es\/index.php?rest_route=\/wp\/v2\/users\/2"}],"replies":[{"embeddable":true,"href":"https:\/\/gs329.scout.es\/index.php?rest_route=%2Fwp%2Fv2%2Fcomments&post=845"}],"version-history":[{"count":2,"href":"https:\/\/gs329.scout.es\/index.php?rest_route=\/wp\/v2\/pages\/845\/revisions"}],"predecessor-version":[{"id":894,"href":"https:\/\/gs329.scout.es\/index.php?rest_route=\/wp\/v2\/pages\/845\/revisions\/894"}],"wp:attachment":[{"href":"https:\/\/gs329.scout.es\/index.php?rest_route=%2Fwp%2Fv2%2Fmedia&parent=845"}],"curies":[{"name":"wp","href":"https:\/\/api.w.org\/{rel}","templated":true}]}}