{"id":842,"date":"2021-10-14T16:12:23","date_gmt":"2021-10-14T16:12:23","guid":{"rendered":"https:\/\/gs329.scout.es\/?page_id=842"},"modified":"2021-10-14T16:12:26","modified_gmt":"2021-10-14T16:12:26","slug":"aviso-legal","status":"publish","type":"page","link":"https:\/\/gs329.scout.es\/?page_id=842","title":{"rendered":"AVISO LEGAL"},"content":{"rendered":"\n<p class=\"has-text-align-center\">AVISO LEGAL<\/p>\n\n\n\n<p>1.- Informaci\u00f3n en cumplimiento de lo establecido en la Ley 34\/2002, de 11 de julio, de servicios de la sociedad de la informaci\u00f3n y de comercio electr\u00f3nico<br>En cumplimiento de lo establecido en el art\u00edculo 10 de la Ley 34\/2002, de 11 de julio, de Servicios de la Sociedad de la Informaci\u00f3n y de Comercio Electr\u00f3nico (en adelante, LSSI-CE), se informa de modo expreso, preciso e inequ\u00edvoco, tanto a los destinatarios del servicio como a los \u00f3rganos competentes, de los siguientes aspectos relativos al prestador de servicios de la sociedad de la informaci\u00f3n:<\/p>\n\n\n\n<p><br>&#8211; Nuestra denominaci\u00f3n:\u00a0GRUPO SCOUT PADRE COLL 329<br>&#8211; Nuestro CIF \/ NIF:\u00a0G02386019<br>&#8211; Nuestra actividad principal:\u00a0Asociaci\u00f3n Juvenil e Infantil<br>&#8211; Nuestra direcci\u00f3n:\u00a0C\/ Fern\u00e1ndez y Gonz\u00e1lez, 2 02004 Albacete<br>&#8211; Nuestra direcci\u00f3n de correo electr\u00f3nico de contacto: padrecoll329@scoutsclm.org<br>&#8211; Nuestra p\u00e1gina web:\u00a0https:\/\/gs329.scout.es<\/p>\n\n\n\n<p><br>Estamos a su disposici\u00f3n, no dude en contactar con nosotros.<\/p>\n\n\n\n<p><br>2.- Propiedad intelectual El c\u00f3digo fuente, los dise\u00f1os gr\u00e1ficos, las im\u00e1genes, las fotograf\u00edas, los sonidos, las animaciones, el software, los textos, as\u00ed como la informaci\u00f3n y los contenidos que se recogen en el presente sitio web est\u00e1n protegidos por la legislaci\u00f3n espa\u00f1ola sobre los<br>derechos de propiedad intelectual e industrial a favor de\u00a0GRUPO SCOUT PADRE COLL 329 y no se permite la reproducci\u00f3n y\/o publicaci\u00f3n, total o parcial, del sitio web, ni su tratamiento inform\u00e1tico, su distribuci\u00f3n, su difusi\u00f3n, ni su modificaci\u00f3n, transformaci\u00f3n o descompilaci\u00f3n, ni dem\u00e1s derechos reconocidos legalmente a su titular, sin el permiso previo y por escrito del mismo,\u00a0GRUPO SCOUT PADRE COLL 329 El usuario, \u00fanica y exclusivamente, puede utilizar el material que aparezca en este sitio web para su uso personal y privado, quedando prohibido su uso con fines comerciales o para incurrir en actividades il\u00edcitas. Todos los derechos derivados de la propiedad intelectual est\u00e1n expresamente reservados por\u00a0GRUPO SCOUT PADRE COLL 329 <\/p>\n\n\n\n<p>GRUPO SCOUT PADRE COLL 329\u00a0velar\u00e1 por el cumplimiento de las anteriores condiciones como por la debida utilizaci\u00f3n de los contenidos presentados en sus p\u00e1ginas web, ejercitando todas las acciones civiles y penales que le correspondan en el caso de infracci\u00f3n o incumplimiento de estos derechos por parte del usuario.<\/p>\n\n\n\n<p><br>3.- Varios<br>&#8211; GRUPO SCOUT PADRE COLL 329\u00a0podr\u00e1 modificar, sin previo aviso, la informaci\u00f3n contenida en su sitio web, as\u00ed como su configuraci\u00f3n y<br>presentaci\u00f3n.<\/p>\n\n\n\n<p>&#8211; GRUPO SCOUT PADRE COLL 329\u00a0se compromete a trav\u00e9s de este medio a NO REALIZAR PUBLICIDAD ENGA\u00d1OSA. A estos efectos, por lo tanto, no ser\u00e1n considerados como publicidad enga\u00f1osa los errores formales o num\u00e9ricos que puedan encontrarse a lo largo del contenido de las<br>distintas secciones de la web de\u00a0GRUPO SCOUT PADRE COLL 329., producidos como consecuencia de un mantenimiento y\/o actualizaci\u00f3n<br>incompleta o defectuosa de la informaci\u00f3n contenida es estas secciones.\u00a0GRUPO SCOUT PADRE COLL 329, como consecuencia de lo<br>dispuesto en este apartado, se compromete a corregirlo tan pronto como tenga conocimiento de dichos errores.<\/p>\n\n\n\n<p><br>&#8211; GRUPO SCOUT PADRE COLL 329\u00a0no se hace responsable del incumplimiento de cualquier norma aplicable en que pueda incurrir el<br>usuario en su acceso al sitio web el presente sitio web y\/o en el uso de las informaciones contenidas en el mismo.<\/p>\n\n\n\n<p><br>&#8211; GRUPO SCOUT PADRE COLL 329\u00a0no ser\u00e1 responsable de los da\u00f1os y perjuicios producidos o que puedan producirse, cualquiera que sea su<br>naturaleza, que se deriven del uso de la informaci\u00f3n, de las materias contenidas en este web site y de los programas que incorpora. Los enlaces<br>(Links) e hipertexto que posibiliten, a trav\u00e9s del sitio web el presente sitio web, acceder al usuario a prestaciones y servicios ofrecidos por terceros,<br>no pertenecen ni se encuentran bajo el control de\u00a0GRUPO SCOUT PADRE COLL 329; dicha entidad no se hace responsable ni de la informaci\u00f3n<br>contenida en los mismos ni de cualesquiera efectos que pudieran derivarse de dicha informaci\u00f3n.<\/p>\n\n\n\n<p><br>&#8211; GRUPO SCOUT PADRE COLL 329\u00a0no se hace responsable del uso ileg\u00edtimo que terceras personas puedan hacer de los nombres de marca, nombres de producto, marcas comerciales que, no siendo propiedad de dicha entidad, aparezcan en el presente sitio web. Tampoco se responsabiliza de la integridad, veracidad y licitud del contenido de los enlaces a las webs a las que pueda accederse desde el presente sitio web.<\/p>\n\n\n\n<p><br>&#8211; En definitiva, el Usuario es el \u00fanico responsable del uso que realice de los servicios, contenidos, enlaces (links) e hipertexto incluidos en el sitio web el presente sitio web.<\/p>\n","protected":false},"excerpt":{"rendered":"<p>AVISO LEGAL 1.- Informaci\u00f3n en cumplimiento de lo establecido en la Ley 34\/2002, de 11 de julio, de servicios de la sociedad de la informaci\u00f3n y de comercio electr\u00f3nicoEn cumplimiento de lo establecido en el art\u00edculo 10 de la Ley 34\/2002, de 11 de julio, de Servicios de la Sociedad de la Informaci\u00f3n y de [&hellip;]<\/p>\n","protected":false},"author":2,"featured_media":0,"parent":0,"menu_order":0,"comment_status":"closed","ping_status":"closed","template":"","meta":{"footnotes":""},"class_list":["post-842","page","type-page","status-publish","hentry"],"_links":{"self":[{"href":"https:\/\/gs329.scout.es\/index.php?rest_route=\/wp\/v2\/pages\/842","targetHints":{"allow":["GET"]}}],"collection":[{"href":"https:\/\/gs329.scout.es\/index.php?rest_route=\/wp\/v2\/pages"}],"about":[{"href":"https:\/\/gs329.scout.es\/index.php?rest_route=\/wp\/v2\/types\/page"}],"author":[{"embeddable":true,"href":"https:\/\/gs329.scout.es\/index.php?rest_route=\/wp\/v2\/users\/2"}],"replies":[{"embeddable":true,"href":"https:\/\/gs329.scout.es\/index.php?rest_route=%2Fwp%2Fv2%2Fcomments&post=842"}],"version-history":[{"count":1,"href":"https:\/\/gs329.scout.es\/index.php?rest_route=\/wp\/v2\/pages\/842\/revisions"}],"predecessor-version":[{"id":844,"href":"https:\/\/gs329.scout.es\/index.php?rest_route=\/wp\/v2\/pages\/842\/revisions\/844"}],"wp:attachment":[{"href":"https:\/\/gs329.scout.es\/index.php?rest_route=%2Fwp%2Fv2%2Fmedia&parent=842"}],"curies":[{"name":"wp","href":"https:\/\/api.w.org\/{rel}","templated":true}]}}