{"id":836,"date":"2021-10-14T16:01:41","date_gmt":"2021-10-14T16:01:41","guid":{"rendered":"https:\/\/gs329.scout.es\/?page_id=836"},"modified":"2021-10-14T16:01:43","modified_gmt":"2021-10-14T16:01:43","slug":"politica-de-cookies","status":"publish","type":"page","link":"https:\/\/gs329.scout.es\/?page_id=836","title":{"rendered":"POL\u00cdTICA DE COOKIES"},"content":{"rendered":"\n<p class=\"has-text-align-center\">POL\u00cdTICA DE COOKIES<\/p>\n\n\n\n<p>Bienvenida\/o a la POL\u00cdTICA DE COOKIES de la p\u00e1gina web de la entidad GRUPO SCOUT PADRE COLL 329 provista de NIF G02386019, donde te explicaremos en un lenguaje claro y sencillo todas las cuestiones necesarias para que puedas tener el control sobre ellas en base a<br>tus decisiones personales.<\/p>\n\n\n\n<p><br>&#8211; \u00bfQU\u00c9 SON LAS COOKIES Y PARA QU\u00c9 LAS USAMOS?<\/p>\n\n\n\n<p><br>Una\u00a0cookie\u00a0o galleta inform\u00e1tica es un peque\u00f1o archivo de informaci\u00f3n que se guarda en tu ordenador, \u201csmartphone\u201d o tableta cada vez que visitas nuestra p\u00e1gina web.<br>En principio, una cookie es inofensiva: no contiene virus, troyanos, gusanos, etc. que puedan da\u00f1ar tu terminal, pero s\u00ed tiene cierto impacto sobre tu derecho a la protecci\u00f3n de tus datos personales, pues recoge determinada informaci\u00f3n concerniente a tu persona (h\u00e1bitos de navegaci\u00f3n, identidad, preferencias, etc.). Nuestra p\u00e1gina web \u00fanicamente utiliza cookies t\u00e9cnicas, las mismas son estrictamente necesarias para que nuestra p\u00e1gina web funcione y puedas navegar por la misma. Este tipo de cookies son las que, por ejemplo, nos permiten identificarte, darte acceso a determinadas partes restringidas de la p\u00e1gina si fuese necesario, o recordar diferentes opciones o servicios ya seleccionados por ti, como tus preferencias de privacidad. Por ello, est\u00e1n activadas por defecto, no siendo necesaria tu autorizaci\u00f3n al respecto.<\/p>\n\n\n\n<p><br>A trav\u00e9s de la configuraci\u00f3n de tu navegador, puedes bloquear o alertar de la presencia de este tipo de cookies, si bien dicho bloqueo afectar\u00e1 al correcto funcionamiento de las distintas funcionalidades de nuestra p\u00e1gina web.<\/p>\n\n\n\n<p class=\"has-text-align-center\">Muchas gracias por tu colaboraci\u00f3n<\/p>\n","protected":false},"excerpt":{"rendered":"<p>POL\u00cdTICA DE COOKIES Bienvenida\/o a la POL\u00cdTICA DE COOKIES de la p\u00e1gina web de la entidad GRUPO SCOUT PADRE COLL 329 provista de NIF G02386019, donde te explicaremos en un lenguaje claro y sencillo todas las cuestiones necesarias para que puedas tener el control sobre ellas en base atus decisiones personales. &#8211; \u00bfQU\u00c9 SON LAS [&hellip;]<\/p>\n","protected":false},"author":2,"featured_media":0,"parent":0,"menu_order":0,"comment_status":"closed","ping_status":"closed","template":"","meta":{"footnotes":""},"class_list":["post-836","page","type-page","status-publish","hentry"],"_links":{"self":[{"href":"https:\/\/gs329.scout.es\/index.php?rest_route=\/wp\/v2\/pages\/836","targetHints":{"allow":["GET"]}}],"collection":[{"href":"https:\/\/gs329.scout.es\/index.php?rest_route=\/wp\/v2\/pages"}],"about":[{"href":"https:\/\/gs329.scout.es\/index.php?rest_route=\/wp\/v2\/types\/page"}],"author":[{"embeddable":true,"href":"https:\/\/gs329.scout.es\/index.php?rest_route=\/wp\/v2\/users\/2"}],"replies":[{"embeddable":true,"href":"https:\/\/gs329.scout.es\/index.php?rest_route=%2Fwp%2Fv2%2Fcomments&post=836"}],"version-history":[{"count":1,"href":"https:\/\/gs329.scout.es\/index.php?rest_route=\/wp\/v2\/pages\/836\/revisions"}],"predecessor-version":[{"id":838,"href":"https:\/\/gs329.scout.es\/index.php?rest_route=\/wp\/v2\/pages\/836\/revisions\/838"}],"wp:attachment":[{"href":"https:\/\/gs329.scout.es\/index.php?rest_route=%2Fwp%2Fv2%2Fmedia&parent=836"}],"curies":[{"name":"wp","href":"https:\/\/api.w.org\/{rel}","templated":true}]}}